{"id":78428,"date":"2019-04-22T20:55:15","date_gmt":"2019-04-22T20:55:15","guid":{"rendered":"https:\/\/muhiku.com\/blog\/?page_id=78428"},"modified":"2023-07-16T18:36:43","modified_gmt":"2023-07-16T15:36:43","slug":"kunye","status":"publish","type":"page","link":"https:\/\/muhiku.com\/blog\/kunye\/","title":{"rendered":"K\u00fcnye"},"content":{"rendered":"<p style=\"text-align: center;\"><strong>\u0130mtiyaz Sahibi<\/strong><br \/>Muhiku<\/p>\r\n<p style=\"text-align: center;\"><strong>Genel Yay\u0131n Y\u00f6netmeni<\/strong><br \/>Deniz Mara\u015f<\/p>\r\n<p><\/p>\r\n<p>\r\n\r\n<\/p>\r\n<p style=\"text-align: center;\"><strong>Adres<\/strong><br \/>Ko\u015fuyolu mah. Cenap \u015eahabettin Sok. No:43 Kad\u0131k\u00f6y\/\u0130stanbul<\/p>\r\n<p>\r\n\r\n<\/p>\r\n<p style=\"text-align: center;\"><strong>E-posta<\/strong><br \/>info[at]muhiku.com<\/p>\r\n<p>\r\n\r\n<\/p>\r\n<p style=\"text-align: center;\"><strong>Telefon<\/strong><br \/>(0850) 532 7818<\/p>\r\n<p>\r\n\r\n<\/p>\r\n<p style=\"text-align: center;\">\u00a0<\/p>\r\n<p>\r\n\r\n<\/p>\r\n<p style=\"text-align: center;\">\u00a0<\/p>\r\n<p><\/p>","protected":false},"excerpt":{"rendered":"\u0130mtiyaz SahibiMuhiku Genel Yay\u0131n Y\u00f6netmeniDeniz Mara\u015f AdresKo\u015fuyolu mah. Cenap \u015eahabettin Sok. No:43 Kad\u0131k\u00f6y\/\u0130stanbul E-postainfo[at]muhiku.com Telefon(0850) 532 7818 \u00a0&hellip;\n","protected":false},"author":2,"featured_media":0,"parent":0,"menu_order":0,"comment_status":"closed","ping_status":"closed","template":"","meta":{"footnotes":""},"yoast_head":"<!-- This site is optimized with the Yoast SEO plugin v22.5 - https:\/\/yoast.com\/wordpress\/plugins\/seo\/ -->\n<title>K\u00fcnye - Muhiku<\/title>\n<meta name=\"description\" content=\"Muhiku.com&#039;un blog i\u00e7eriklerini \u00fcreten k\u0131ymetli insanlar\u0131 g\u00f6steren sayfad\u0131r. Bilgiyi kayna\u011f\u0131ndan en do\u011fru \u015fekilde derleyip veya \u00fcretip al\u0131c\u0131s\u0131na ula\u015ft\u0131ran ekiptir.\" \/>\n<meta name=\"robots\" content=\"index, follow, max-snippet:-1, max-image-preview:large, max-video-preview:-1\" \/>\n<link rel=\"canonical\" href=\"https:\/\/muhiku.com\/blog\/kunye\/\" \/>\n<meta property=\"og:locale\" content=\"tr_TR\" \/>\n<meta property=\"og:type\" content=\"article\" \/>\n<meta property=\"og:title\" content=\"K\u00fcnye - Muhiku\" \/>\n<meta property=\"og:description\" content=\"Muhiku.com&#039;un blog i\u00e7eriklerini \u00fcreten k\u0131ymetli insanlar\u0131 g\u00f6steren sayfad\u0131r. Bilgiyi kayna\u011f\u0131ndan en do\u011fru \u015fekilde derleyip veya \u00fcretip al\u0131c\u0131s\u0131na ula\u015ft\u0131ran ekiptir.\" \/>\n<meta property=\"og:url\" content=\"https:\/\/muhiku.com\/blog\/kunye\/\" \/>\n<meta property=\"og:site_name\" content=\"Muhiku\" \/>\n<meta property=\"article:modified_time\" content=\"2023-07-16T15:36:43+00:00\" \/>\n<meta property=\"og:image\" content=\"https:\/\/muhiku.com\/blog\/wp-content\/uploads\/2025\/04\/Muhiku_Logo_type-siyah-min.png\" \/>\n\t<meta property=\"og:image:width\" content=\"2189\" \/>\n\t<meta property=\"og:image:height\" content=\"1083\" \/>\n\t<meta property=\"og:image:type\" content=\"image\/png\" \/>\n<meta name=\"twitter:card\" content=\"summary_large_image\" \/>\n<meta name=\"twitter:label1\" content=\"Est. reading time\" \/>\n\t<meta name=\"twitter:data1\" content=\"1 dakika\" \/>\n<script type=\"application\/ld+json\" class=\"yoast-schema-graph\">{\"@context\":\"https:\/\/schema.org\",\"@graph\":[{\"@type\":\"WebPage\",\"@id\":\"https:\/\/muhiku.com\/blog\/kunye\/\",\"url\":\"https:\/\/muhiku.com\/blog\/kunye\/\",\"name\":\"K\u00fcnye - Muhiku\",\"isPartOf\":{\"@id\":\"https:\/\/muhiku.com\/blog\/#website\"},\"datePublished\":\"2019-04-22T20:55:15+00:00\",\"dateModified\":\"2023-07-16T15:36:43+00:00\",\"description\":\"Muhiku.com'un blog i\u00e7eriklerini \u00fcreten k\u0131ymetli insanlar\u0131 g\u00f6steren sayfad\u0131r. Bilgiyi kayna\u011f\u0131ndan en do\u011fru \u015fekilde derleyip veya \u00fcretip al\u0131c\u0131s\u0131na ula\u015ft\u0131ran ekiptir.\",\"breadcrumb\":{\"@id\":\"https:\/\/muhiku.com\/blog\/kunye\/#breadcrumb\"},\"inLanguage\":\"tr\",\"potentialAction\":[{\"@type\":\"ReadAction\",\"target\":[\"https:\/\/muhiku.com\/blog\/kunye\/\"]}]},{\"@type\":\"BreadcrumbList\",\"@id\":\"https:\/\/muhiku.com\/blog\/kunye\/#breadcrumb\",\"itemListElement\":[{\"@type\":\"ListItem\",\"position\":1,\"name\":\"Blog\",\"item\":\"https:\/\/muhiku.com\/blog\/\"},{\"@type\":\"ListItem\",\"position\":2,\"name\":\"K\u00fcnye\"}]},{\"@type\":\"WebSite\",\"@id\":\"https:\/\/muhiku.com\/blog\/#website\",\"url\":\"https:\/\/muhiku.com\/blog\/\",\"name\":\"Muhiku\",\"description\":\"Yenilik\u00e7i Hediye Rehberi\",\"publisher\":{\"@id\":\"https:\/\/muhiku.com\/blog\/#organization\"},\"inLanguage\":\"tr\"},{\"@type\":\"Organization\",\"@id\":\"https:\/\/muhiku.com\/blog\/#organization\",\"name\":\"Muhiku\",\"url\":\"https:\/\/muhiku.com\/blog\/\",\"logo\":{\"@type\":\"ImageObject\",\"inLanguage\":\"tr\",\"@id\":\"https:\/\/muhiku.com\/blog\/#\/schema\/logo\/image\/\",\"url\":\"https:\/\/muhiku.com\/blog\/wp-content\/uploads\/2019\/04\/logo-kare-1.png\",\"contentUrl\":\"https:\/\/muhiku.com\/blog\/wp-content\/uploads\/2019\/04\/logo-kare-1.png\",\"width\":1080,\"height\":1080,\"caption\":\"Muhiku\"},\"image\":{\"@id\":\"https:\/\/muhiku.com\/blog\/#\/schema\/logo\/image\/\"}}]}<\/script>\n<!-- \/ Yoast SEO plugin. -->","yoast_head_json":{"title":"K\u00fcnye - Muhiku","description":"Muhiku.com'un blog i\u00e7eriklerini \u00fcreten k\u0131ymetli insanlar\u0131 g\u00f6steren sayfad\u0131r. Bilgiyi kayna\u011f\u0131ndan en do\u011fru \u015fekilde derleyip veya \u00fcretip al\u0131c\u0131s\u0131na ula\u015ft\u0131ran ekiptir.","robots":{"index":"index","follow":"follow","max-snippet":"max-snippet:-1","max-image-preview":"max-image-preview:large","max-video-preview":"max-video-preview:-1"},"canonical":"https:\/\/muhiku.com\/blog\/kunye\/","og_locale":"tr_TR","og_type":"article","og_title":"K\u00fcnye - Muhiku","og_description":"Muhiku.com'un blog i\u00e7eriklerini \u00fcreten k\u0131ymetli insanlar\u0131 g\u00f6steren sayfad\u0131r. Bilgiyi kayna\u011f\u0131ndan en do\u011fru \u015fekilde derleyip veya \u00fcretip al\u0131c\u0131s\u0131na ula\u015ft\u0131ran ekiptir.","og_url":"https:\/\/muhiku.com\/blog\/kunye\/","og_site_name":"Muhiku","article_modified_time":"2023-07-16T15:36:43+00:00","og_image":[{"width":2189,"height":1083,"url":"https:\/\/muhiku.com\/blog\/wp-content\/uploads\/2025\/04\/Muhiku_Logo_type-siyah-min.png","type":"image\/png"}],"twitter_card":"summary_large_image","twitter_misc":{"Est. reading time":"1 dakika"},"schema":{"@context":"https:\/\/schema.org","@graph":[{"@type":"WebPage","@id":"https:\/\/muhiku.com\/blog\/kunye\/","url":"https:\/\/muhiku.com\/blog\/kunye\/","name":"K\u00fcnye - Muhiku","isPartOf":{"@id":"https:\/\/muhiku.com\/blog\/#website"},"datePublished":"2019-04-22T20:55:15+00:00","dateModified":"2023-07-16T15:36:43+00:00","description":"Muhiku.com'un blog i\u00e7eriklerini \u00fcreten k\u0131ymetli insanlar\u0131 g\u00f6steren sayfad\u0131r. Bilgiyi kayna\u011f\u0131ndan en do\u011fru \u015fekilde derleyip veya \u00fcretip al\u0131c\u0131s\u0131na ula\u015ft\u0131ran ekiptir.","breadcrumb":{"@id":"https:\/\/muhiku.com\/blog\/kunye\/#breadcrumb"},"inLanguage":"tr","potentialAction":[{"@type":"ReadAction","target":["https:\/\/muhiku.com\/blog\/kunye\/"]}]},{"@type":"BreadcrumbList","@id":"https:\/\/muhiku.com\/blog\/kunye\/#breadcrumb","itemListElement":[{"@type":"ListItem","position":1,"name":"Blog","item":"https:\/\/muhiku.com\/blog\/"},{"@type":"ListItem","position":2,"name":"K\u00fcnye"}]},{"@type":"WebSite","@id":"https:\/\/muhiku.com\/blog\/#website","url":"https:\/\/muhiku.com\/blog\/","name":"Muhiku","description":"Yenilik\u00e7i Hediye Rehberi","publisher":{"@id":"https:\/\/muhiku.com\/blog\/#organization"},"inLanguage":"tr"},{"@type":"Organization","@id":"https:\/\/muhiku.com\/blog\/#organization","name":"Muhiku","url":"https:\/\/muhiku.com\/blog\/","logo":{"@type":"ImageObject","inLanguage":"tr","@id":"https:\/\/muhiku.com\/blog\/#\/schema\/logo\/image\/","url":"https:\/\/muhiku.com\/blog\/wp-content\/uploads\/2019\/04\/logo-kare-1.png","contentUrl":"https:\/\/muhiku.com\/blog\/wp-content\/uploads\/2019\/04\/logo-kare-1.png","width":1080,"height":1080,"caption":"Muhiku"},"image":{"@id":"https:\/\/muhiku.com\/blog\/#\/schema\/logo\/image\/"}}]}},"_links":{"self":[{"href":"https:\/\/muhiku.com\/blog\/wp-json\/wp\/v2\/pages\/78428"}],"collection":[{"href":"https:\/\/muhiku.com\/blog\/wp-json\/wp\/v2\/pages"}],"about":[{"href":"https:\/\/muhiku.com\/blog\/wp-json\/wp\/v2\/types\/page"}],"author":[{"embeddable":true,"href":"https:\/\/muhiku.com\/blog\/wp-json\/wp\/v2\/users\/2"}],"replies":[{"embeddable":true,"href":"https:\/\/muhiku.com\/blog\/wp-json\/wp\/v2\/comments?post=78428"}],"version-history":[{"count":4,"href":"https:\/\/muhiku.com\/blog\/wp-json\/wp\/v2\/pages\/78428\/revisions"}],"predecessor-version":[{"id":93995,"href":"https:\/\/muhiku.com\/blog\/wp-json\/wp\/v2\/pages\/78428\/revisions\/93995"}],"wp:attachment":[{"href":"https:\/\/muhiku.com\/blog\/wp-json\/wp\/v2\/media?parent=78428"}],"curies":[{"name":"wp","href":"https:\/\/api.w.org\/{rel}","templated":true}]}}